{"id":12,"date":"2021-11-12T10:38:13","date_gmt":"2021-11-12T09:38:13","guid":{"rendered":"https:\/\/informatique10.fr\/?page_id=12"},"modified":"2025-04-01T19:33:43","modified_gmt":"2025-04-01T17:33:43","slug":"a-propos","status":"publish","type":"page","link":"https:\/\/informatique10.fr\/?page_id=12","title":{"rendered":"\u00c0 propos"},"content":{"rendered":"\n<div class=\"wp-block-cover alignfull is-light\" style=\"min-height:300px;aspect-ratio:unset;\"><span aria-hidden=\"true\" class=\"wp-block-cover__background has-nv-site-bg-background-color has-background-dim-100 has-background-dim\"><\/span><div class=\"wp-block-cover__inner-container is-layout-flow wp-block-cover-is-layout-flow\">\n<div class=\"wp-block-group\"><div class=\"wp-block-group__inner-container is-layout-flow wp-block-group-is-layout-flow\">\n<h1 class=\"wp-block-heading has-text-align-left has-neve-text-color-color has-text-color\">Informatique10.fr \u00e0 Troyes et Chez VOUS.<\/h1>\n<\/div><\/div>\n<\/div><\/div>\n\n\n\n<div class=\"wp-block-cover alignfull is-light\" style=\"min-height:600px;aspect-ratio:unset;\"><span aria-hidden=\"true\" class=\"wp-block-cover__background has-nv-light-bg-background-color has-background-dim-100 has-background-dim\"><\/span><div class=\"wp-block-cover__inner-container is-layout-flow wp-block-cover-is-layout-flow\">\n<div class=\"wp-block-group\"><div class=\"wp-block-group__inner-container is-layout-flow wp-block-group-is-layout-flow\">\n<div style=\"height:80px\" aria-hidden=\"true\" class=\"wp-block-spacer\"><\/div>\n\n\n\n<div class=\"wp-block-columns are-vertically-aligned-center is-layout-flex wp-container-core-columns-is-layout-9d6595d7 wp-block-columns-is-layout-flex\">\n<div class=\"wp-block-column is-vertically-aligned-center is-layout-flow wp-block-column-is-layout-flow\" style=\"flex-basis:50%\">\n<figure class=\"wp-block-gallery has-nested-images columns-default is-cropped wp-block-gallery-1 is-layout-flex wp-block-gallery-is-layout-flex\">\n<figure class=\"wp-block-image size-large\"><img loading=\"lazy\" decoding=\"async\" width=\"960\" height=\"540\" data-id=\"41\" src=\"https:\/\/informatique10.fr\/wp-content\/uploads\/2021\/11\/pub-info10.jpg\" alt=\"\" class=\"wp-image-41\" srcset=\"https:\/\/informatique10.fr\/wp-content\/uploads\/2021\/11\/pub-info10.jpg 960w, https:\/\/informatique10.fr\/wp-content\/uploads\/2021\/11\/pub-info10-300x169.jpg 300w, https:\/\/informatique10.fr\/wp-content\/uploads\/2021\/11\/pub-info10-768x432.jpg 768w\" sizes=\"auto, (max-width: 960px) 100vw, 960px\" \/><\/figure>\n<\/figure>\n<\/div>\n\n\n\n<div class=\"wp-block-column is-vertically-aligned-center is-layout-flow wp-block-column-is-layout-flow\" style=\"flex-basis:50%\">\n<h2 class=\"wp-block-heading has-neve-text-color-color has-text-color\">Notre Histoire<\/h2>\n\n\n\n<p class=\"has-neve-text-color-color has-text-color has-medium-font-size\">Cr\u00e9\u00e9 le 16\/02\/2009  <\/p>\n\n\n\n<p class=\"has-neve-text-color-color has-text-color\">Apr\u00e8s des \u00e9tudes d&rsquo;Informatique, j&rsquo;ai souhait\u00e9 rapidement mettre mon savoir \u00e0 disposition du plus grand nombre, que ce soit des petites entreprises, au grand public.<\/p>\n\n\n\n<p>Fort d&rsquo;une exp\u00e9rience Informatique de 17 Ans dans le Domaine de la Sant\u00e9, ces connaissances sont aujourd&rsquo;hui \u00e0 votre disposition.<\/p>\n\n\n\n<p><\/p>\n\n\n\n<p><\/p>\n<\/div>\n<\/div>\n\n\n\n<div style=\"height:40px\" aria-hidden=\"true\" class=\"wp-block-spacer\"><\/div>\n<\/div><\/div>\n<\/div><\/div>\n\n\n\n<div class=\"wp-block-cover alignfull is-light\" style=\"min-height:600px;aspect-ratio:unset;\"><span aria-hidden=\"true\" class=\"wp-block-cover__background has-nv-dark-bg-background-color has-background-dim-100 has-background-dim\"><\/span><div class=\"wp-block-cover__inner-container is-layout-flow wp-block-cover-is-layout-flow\">\n<div class=\"wp-block-group\"><div class=\"wp-block-group__inner-container is-layout-flow wp-block-group-is-layout-flow\">\n<div style=\"height:80px\" aria-hidden=\"true\" class=\"wp-block-spacer\"><\/div>\n\n\n\n<div class=\"wp-block-columns are-vertically-aligned-center is-layout-flex wp-container-core-columns-is-layout-9d6595d7 wp-block-columns-is-layout-flex\">\n<div class=\"wp-block-column is-vertically-aligned-center is-layout-flow wp-block-column-is-layout-flow\" style=\"flex-basis:50%\">\n<h2 class=\"wp-block-heading has-nv-text-dark-bg-color has-text-color\">La Confiance<\/h2>\n\n\n\n<p class=\"has-nv-text-dark-bg-color has-text-color\">Depuis maintenant presque 20 Ans, je ne compte plus les d\u00e9pannages Informatique effectu\u00e9s mais je garde en m\u00e9moire ces \u00e9changes, ces rencontres, ces d\u00e9placements ou nous avons ,pour le plus grand nombre, trouv\u00e9 une solution \u00e0 vos demandes. MERCI pour ceux qui ont appel\u00e9                                                                      MERCI \u00e0 vous qui le ferez.<\/p>\n\n\n\n<p>et<\/p>\n\n\n\n<p>M<\/p>\n\n\n\n<p>AS<\/p>\n\n\n\n<div style=\"height:20px\" aria-hidden=\"true\" class=\"wp-block-spacer\"><\/div>\n\n\n\n<div style=\"height:20px\" aria-hidden=\"true\" class=\"wp-block-spacer\"><\/div>\n<\/div>\n\n\n\n<div class=\"wp-block-column is-vertically-aligned-center is-layout-flow wp-block-column-is-layout-flow\" style=\"flex-basis:50%\">\n<figure class=\"wp-block-gallery has-nested-images columns-default is-cropped wp-block-gallery-2 is-layout-flex wp-block-gallery-is-layout-flex\">\n<figure class=\"wp-block-image size-large\"><img loading=\"lazy\" decoding=\"async\" width=\"1024\" height=\"676\" data-id=\"64\" src=\"https:\/\/informatique10.fr\/wp-content\/uploads\/2021\/11\/pub2-info10-1024x676.jpg\" alt=\"\" class=\"wp-image-64\" srcset=\"https:\/\/informatique10.fr\/wp-content\/uploads\/2021\/11\/pub2-info10-1024x676.jpg 1024w, https:\/\/informatique10.fr\/wp-content\/uploads\/2021\/11\/pub2-info10-300x198.jpg 300w, https:\/\/informatique10.fr\/wp-content\/uploads\/2021\/11\/pub2-info10-768x507.jpg 768w, https:\/\/informatique10.fr\/wp-content\/uploads\/2021\/11\/pub2-info10.jpg 1364w\" sizes=\"auto, (max-width: 1024px) 100vw, 1024px\" \/><\/figure>\n<\/figure>\n<\/div>\n<\/div>\n\n\n\n<div style=\"height:40px\" aria-hidden=\"true\" class=\"wp-block-spacer\"><\/div>\n<\/div><\/div>\n<\/div><\/div>\n","protected":false},"excerpt":{"rendered":"","protected":false},"author":1,"featured_media":0,"parent":0,"menu_order":0,"comment_status":"closed","ping_status":"closed","template":"","meta":{"neve_meta_sidebar":"","neve_meta_container":"","neve_meta_enable_content_width":"on","neve_meta_content_width":100,"neve_meta_title_alignment":"","neve_meta_author_avatar":"","neve_post_elements_order":"","neve_meta_disable_header":"","neve_meta_disable_footer":"","neve_meta_disable_title":"on","_themeisle_gutenberg_block_has_review":false,"footnotes":""},"class_list":["post-12","page","type-page","status-publish","hentry"],"_links":{"self":[{"href":"https:\/\/informatique10.fr\/index.php?rest_route=\/wp\/v2\/pages\/12","targetHints":{"allow":["GET"]}}],"collection":[{"href":"https:\/\/informatique10.fr\/index.php?rest_route=\/wp\/v2\/pages"}],"about":[{"href":"https:\/\/informatique10.fr\/index.php?rest_route=\/wp\/v2\/types\/page"}],"author":[{"embeddable":true,"href":"https:\/\/informatique10.fr\/index.php?rest_route=\/wp\/v2\/users\/1"}],"replies":[{"embeddable":true,"href":"https:\/\/informatique10.fr\/index.php?rest_route=%2Fwp%2Fv2%2Fcomments&post=12"}],"version-history":[{"count":11,"href":"https:\/\/informatique10.fr\/index.php?rest_route=\/wp\/v2\/pages\/12\/revisions"}],"predecessor-version":[{"id":80,"href":"https:\/\/informatique10.fr\/index.php?rest_route=\/wp\/v2\/pages\/12\/revisions\/80"}],"wp:attachment":[{"href":"https:\/\/informatique10.fr\/index.php?rest_route=%2Fwp%2Fv2%2Fmedia&parent=12"}],"curies":[{"name":"wp","href":"https:\/\/api.w.org\/{rel}","templated":true}]}}